{"id":704,"date":"2017-09-25T16:41:38","date_gmt":"2017-09-25T13:41:38","guid":{"rendered":"http:\/\/baggage.ee\/?page_id=704"},"modified":"2017-12-14T16:53:38","modified_gmt":"2017-12-14T14:53:38","slug":"baggage-kaubamargid","status":"publish","type":"page","link":"https:\/\/baggage.ee\/gb\/baggage-tooted\/baggage-kaubamargid\/","title":{"rendered":"Brands"},"content":{"rendered":"<div id=\"metaslider-id-708\" style=\"max-width: 180px;\" class=\"ml-slider-3-107-0 metaslider metaslider-flex metaslider-708 ml-slider ms-theme-default nav-hidden\" role=\"region\" aria-label=\"Kaubam\u00e4rgid\" data-height=\"80\" data-width=\"180\">\n    <div id=\"metaslider_container_708\">\n        <div id=\"metaslider_708\">\n            <ul class='slides'>\n                <li style=\"display: block; width: 100%;\" class=\"slide-722 ms-image \" aria-roledescription=\"slide\" data-date=\"2017-09-25 16:44:21\" data-filename=\"charters-mustvalge.png\" data-slide-type=\"image\"><img loading=\"lazy\" decoding=\"async\" src=\"https:\/\/baggage.ee\/wp-content\/uploads\/2017\/09\/charters-mustvalge.png\" height=\"80\" width=\"180\" alt=\"Baggage kaubam\u00e4rgid | Charters kohver\" class=\"slider-708 slide-722 msDefaultImage\" title=\"Baggage kaubam\u00e4rgid | Charters kohver\" \/><\/li>\n                <li style=\"display: none; width: 100%;\" class=\"slide-723 ms-image \" aria-roledescription=\"slide\" data-date=\"2017-09-25 16:44:21\" data-filename=\"confidence.png\" data-slide-type=\"image\"><img loading=\"lazy\" decoding=\"async\" src=\"https:\/\/baggage.ee\/wp-content\/uploads\/2017\/09\/confidence.png\" height=\"80\" width=\"180\" alt=\"Baggage kaubam\u00e4rgid | Confidence Baggage Eesti\" class=\"slider-708 slide-723 msDefaultImage\" title=\"Baggage kaubam\u00e4rgid | Confidence\" \/><\/li>\n                <li style=\"display: none; width: 100%;\" class=\"slide-724 ms-image \" aria-roledescription=\"slide\" data-date=\"2017-09-25 16:44:21\" data-filename=\"daniel-ray.png\" data-slide-type=\"image\"><img loading=\"lazy\" decoding=\"async\" src=\"https:\/\/baggage.ee\/wp-content\/uploads\/2017\/09\/daniel-ray.png\" height=\"80\" width=\"180\" alt=\"Baggage kaubam\u00e4rgid | Daniel-Ray vabaajakotid\" class=\"slider-708 slide-724 msDefaultImage\" title=\"Baggage kaubam\u00e4rgid | Daniel-Ray vabaajakotid\" \/><\/li>\n                <li style=\"display: none; width: 100%;\" class=\"slide-721 ms-image \" aria-roledescription=\"slide\" data-date=\"2017-09-25 16:44:21\" data-filename=\"active.png\" data-slide-type=\"image\"><img loading=\"lazy\" decoding=\"async\" src=\"https:\/\/baggage.ee\/wp-content\/uploads\/2017\/09\/active.png\" height=\"80\" width=\"180\" alt=\"Baggage kaubam\u00e4rgid | Active spordikott\" class=\"slider-708 slide-721 msDefaultImage\" title=\"Baggage kaubam\u00e4rgid | Active spordikott\" \/><\/li>\n                <li style=\"display: none; width: 100%;\" class=\"slide-725 ms-image \" aria-roledescription=\"slide\" data-date=\"2017-09-25 16:44:22\" data-filename=\"david-jones.png\" data-slide-type=\"image\"><img loading=\"lazy\" decoding=\"async\" src=\"https:\/\/baggage.ee\/wp-content\/uploads\/2017\/09\/david-jones.png\" height=\"80\" width=\"180\" alt=\"Baggage kaubam\u00e4rgid | David Jones naiste k\u00e4ekott\" class=\"slider-708 slide-725 msDefaultImage\" title=\"Baggage kaubam\u00e4rgid | David Jones naiste k\u00e4ekott\" \/><\/li>\n                <li style=\"display: none; width: 100%;\" class=\"slide-726 ms-image \" aria-roledescription=\"slide\" data-date=\"2017-09-25 16:44:22\" data-filename=\"delsey.png\" data-slide-type=\"image\"><img loading=\"lazy\" decoding=\"async\" src=\"https:\/\/baggage.ee\/wp-content\/uploads\/2017\/09\/delsey.png\" height=\"80\" width=\"180\" alt=\"Baggage kaubam\u00e4rgid | Delsey Eestis\" class=\"slider-708 slide-726 msDefaultImage\" title=\"Baggage kaubam\u00e4rgid | Delsey Eestis\" \/><\/li>\n                <li style=\"display: none; width: 100%;\" class=\"slide-727 ms-image \" aria-roledescription=\"slide\" data-date=\"2017-09-25 16:44:22\" data-filename=\"Elsa-walls.png\" data-slide-type=\"image\"><img loading=\"lazy\" decoding=\"async\" src=\"https:\/\/baggage.ee\/wp-content\/uploads\/2017\/09\/Elsa-walls.png\" height=\"80\" width=\"180\" alt=\"Baggage kaubam\u00e4rgid | Elsa Walls br\u00e4nd\" class=\"slider-708 slide-727 msDefaultImage\" title=\"Baggage kaubam\u00e4rgid | Elsa Walls br\u00e4nd\" \/><\/li>\n                <li style=\"display: none; width: 100%;\" class=\"slide-728 ms-image \" aria-roledescription=\"slide\" data-date=\"2017-09-25 16:44:22\" data-filename=\"enrico-benetti.png\" data-slide-type=\"image\"><img loading=\"lazy\" decoding=\"async\" src=\"https:\/\/baggage.ee\/wp-content\/uploads\/2017\/09\/enrico-benetti.png\" height=\"80\" width=\"180\" alt=\"Baggage kaubam\u00e4rgid | Enrico Benetti ratastel reisikott\" class=\"slider-708 slide-728 msDefaultImage\" title=\"Baggage kaubam\u00e4rgid | Enrico Benetti ratastel reisikott\" \/><\/li>\n                <li style=\"display: none; width: 100%;\" class=\"slide-729 ms-image \" aria-roledescription=\"slide\" data-date=\"2017-09-25 16:44:22\" data-filename=\"leeholdel.png\" data-slide-type=\"image\"><img loading=\"lazy\" decoding=\"async\" src=\"https:\/\/baggage.ee\/wp-content\/uploads\/2017\/09\/leeholdel.png\" height=\"80\" width=\"180\" alt=\"Baggage kaubam\u00e4rgid | Leeholdel \u00e4rikohver\" class=\"slider-708 slide-729 msDefaultImage\" title=\"Baggage kaubam\u00e4rgid | Leeholdel \u00e4rikohver\" \/><\/li>\n                <li style=\"display: none; width: 100%;\" class=\"slide-730 ms-image \" aria-roledescription=\"slide\" data-date=\"2017-09-25 16:44:22\" data-filename=\"master.png\" data-slide-type=\"image\"><img loading=\"lazy\" decoding=\"async\" src=\"https:\/\/baggage.ee\/wp-content\/uploads\/2017\/09\/master.png\" height=\"80\" width=\"180\" alt=\"Baggage kaubam\u00e4rgid | Master br\u00e4nd\" class=\"slider-708 slide-730 msDefaultImage\" title=\"Baggage kaubam\u00e4rgid | Master br\u00e4nd\" \/><\/li>\n                <li style=\"display: none; width: 100%;\" class=\"slide-731 ms-image \" aria-roledescription=\"slide\" data-date=\"2017-09-25 16:44:22\" data-filename=\"Pearl.png\" data-slide-type=\"image\"><img loading=\"lazy\" decoding=\"async\" src=\"https:\/\/baggage.ee\/wp-content\/uploads\/2017\/09\/Pearl.png\" height=\"80\" width=\"180\" alt=\"Baggage kaubam\u00e4rgid | Pearl kott\" class=\"slider-708 slide-731 msDefaultImage\" title=\"Baggage kaubam\u00e4rgid | Pearl kott\" \/><\/li>\n                <li style=\"display: none; width: 100%;\" class=\"slide-732 ms-image \" aria-roledescription=\"slide\" data-date=\"2017-09-25 16:44:22\" data-filename=\"Rainflower.png\" data-slide-type=\"image\"><img loading=\"lazy\" decoding=\"async\" src=\"https:\/\/baggage.ee\/wp-content\/uploads\/2017\/09\/Rainflower.png\" height=\"80\" width=\"180\" alt=\"Baggage kaubam\u00e4rgid | Rainflower vihmavari\" class=\"slider-708 slide-732 msDefaultImage\" title=\"Baggage kaubam\u00e4rgid | Rainflower vihmavari\" \/><\/li>\n            <\/ul>\n        <\/div>\n        \n    <\/div>\n<\/div>\n<p><em>BAGGAGE offers the ideal\u00a0luggage set for travel and business.<\/em><\/p>\n<h2>Luggage:<\/h2>\n<p>Delsey \u2013 luggage set form France<br \/>\nBaggage \u2013 textile luggage<br \/>\nCharters \u2013 high quality luggage made of textile, PC and ABS<br \/>\nCode, Leeholdel \u2013 luggage set for business<\/p>\n<p>&nbsp;<\/p>\n<p><em>BAGGAGE has a large assortment of travel and free time bags.<\/em><\/p>\n<h2>Travel &amp; Free Time Bags:<\/h2>\n<p>Active \u2013 men and women bags for sport and free time<br \/>\nDaniel-Ray \u2013\u00a0youthful free time bags<br \/>\nCAT, Dockers \u2013 urban free time bags<br \/>\nEnrico Benetti \u2013 wheeled travel bags<br \/>\nLeeholdel, Charters \u2013 high quality backpacks, laptop and free time bags<\/p>\n<p>&nbsp;<\/p>\n<h2><strong>BAGGAGE product portfolio includes:<\/strong><\/h2>\n<p>Bag, handbag, shoulderbag, schoolbag, backpack, sportbag, travelbag, garmentbag, portfolio, luggage, suitcase, trolley, laptopbag, computerbag, wallet, coinpocket, cardholder, namecardholder, belt, umbrella, bags, handbags, shoulderbags, schoolbags, backpacks, sportbags, travelbags, portfolios, luggages, suitcases, trolleys, laptopbags, computerbags, wallets, coinpockets, cardholders, namecardholders, belts, umbrellas<\/p>\n","protected":false},"excerpt":{"rendered":"<p>BAGGAGE offers the ideal\u00a0luggage set for travel and business. Luggage: Delsey \u2013 luggage set form France Baggage \u2013 textile luggage Charters \u2013 high quality luggage made of textile, PC and ABS Code, Leeholdel \u2013 luggage set for business &nbsp; BAGGAGE has a large assortment of travel and free time bags. Travel &amp; Free Time Bags: Active \u2013 men and women bags for sport and free time Daniel-Ray \u2013\u00a0youthful free time bags CAT, Dockers \u2013 urban free time bags Enrico Benetti \u2013 wheeled travel bags Leeholdel, Charters \u2013 high quality backpacks, laptop and free time bags &nbsp; BAGGAGE product portfolio includes: Bag, handbag, shoulderbag, schoolbag, backpack,<a class=\"more-link\" href=\"https:\/\/baggage.ee\/gb\/baggage-tooted\/baggage-kaubamargid\/\">Loe edasi<\/a><\/p>\n","protected":false},"author":1,"featured_media":0,"parent":19,"menu_order":0,"comment_status":"closed","ping_status":"closed","template":"","meta":{"footnotes":""},"class_list":["entry","author-admin","post-704","page","type-page","status-publish"],"translation":{"provider":"WPGlobus","version":"3.0.2","language":"gb","enabled_languages":["ee","gb"],"languages":{"ee":{"title":true,"content":true,"excerpt":false},"gb":{"title":true,"content":true,"excerpt":false}}},"yoast_head":"<!-- This site is optimized with the Yoast SEO plugin v27.3 - https:\/\/yoast.com\/product\/yoast-seo-wordpress\/ -->\n<title>Baggage kaubam\u00e4rgid | Charters, Code, Leeholdel, Daniel-Ray,<\/title>\n<meta name=\"robots\" content=\"index, follow, max-snippet:-1, max-image-preview:large, max-video-preview:-1\" \/>\n<link rel=\"canonical\" href=\"https:\/\/baggage.ee\/baggage-tooted\/baggage-kaubamargid\/\" \/>\n<meta property=\"og:locale\" content=\"en_GB\" \/>\n<meta property=\"og:type\" content=\"article\" \/>\n<meta property=\"og:title\" content=\"Brands - Baggage\" \/>\n<meta property=\"og:url\" content=\"https:\/\/baggage.ee\/baggage-tooted\/baggage-kaubamargid\/\" \/>\n<meta property=\"og:site_name\" content=\"Baggage\" \/>\n<meta property=\"article:modified_time\" content=\"2017-12-14T14:53:38+00:00\" \/>\n<meta name=\"twitter:card\" content=\"summary_large_image\" \/>\n<meta name=\"twitter:label1\" content=\"Estimated reading time\" \/>\n\t<meta name=\"twitter:data1\" content=\"1 minute\" \/>\n<script type=\"application\/ld+json\" class=\"yoast-schema-graph\">{\"@context\":\"https:\\\/\\\/schema.org\",\"@graph\":[{\"@type\":\"WebPage\",\"@id\":\"https:\\\/\\\/baggage.ee\\\/baggage-tooted\\\/baggage-kaubamargid\\\/\",\"url\":\"https:\\\/\\\/baggage.ee\\\/baggage-tooted\\\/baggage-kaubamargid\\\/\",\"name\":\"Baggage kaubam\u00e4rgid | Charters, Code, Leeholdel, Daniel-Ray,\",\"isPartOf\":{\"@id\":\"https:\\\/\\\/baggage.ee\\\/#website\"},\"datePublished\":\"2017-09-25T13:41:38+00:00\",\"dateModified\":\"2017-12-14T14:53:38+00:00\",\"description\":\"Baggage kaubam\u00e4rgid koondavad enda alla stiilsed, mitmek\u00fclgsed ja vastupidavad kohvrid ning selja- ja vabaajakotid, mis v\u00f5imaldavad elegantselt reisida.\",\"breadcrumb\":{\"@id\":\"https:\\\/\\\/baggage.ee\\\/baggage-tooted\\\/baggage-kaubamargid\\\/#breadcrumb\"},\"inLanguage\":\"en-GB\",\"potentialAction\":[{\"@type\":\"ReadAction\",\"target\":[\"https:\\\/\\\/baggage.ee\\\/baggage-tooted\\\/baggage-kaubamargid\\\/\"]}]},{\"@type\":\"BreadcrumbList\",\"@id\":\"https:\\\/\\\/baggage.ee\\\/baggage-tooted\\\/baggage-kaubamargid\\\/#breadcrumb\",\"itemListElement\":[{\"@type\":\"ListItem\",\"position\":1,\"name\":\"Home\",\"item\":\"https:\\\/\\\/baggage.ee\\\/\"},{\"@type\":\"ListItem\",\"position\":2,\"name\":\"Products\",\"item\":\"https:\\\/\\\/baggage.ee\\\/gb\\\/baggage-tooted\\\/\"},{\"@type\":\"ListItem\",\"position\":3,\"name\":\"Kaubam\u00e4rgid\"}]},{\"@type\":\"WebSite\",\"@id\":\"https:\\\/\\\/baggage.ee\\\/#website\",\"url\":\"https:\\\/\\\/baggage.ee\\\/\",\"name\":\"Baggage\",\"description\":\"Big Selection of Luggage and Travel Bags\",\"publisher\":{\"@id\":\"https:\\\/\\\/baggage.ee\\\/#organization\"},\"potentialAction\":[{\"@type\":\"SearchAction\",\"target\":{\"@type\":\"EntryPoint\",\"urlTemplate\":\"https:\\\/\\\/baggage.ee\\\/?s={search_term_string}\"},\"query-input\":{\"@type\":\"PropertyValueSpecification\",\"valueRequired\":true,\"valueName\":\"search_term_string\"}}],\"inLanguage\":\"en-GB\"},{\"@type\":\"Organization\",\"@id\":\"https:\\\/\\\/baggage.ee\\\/#organization\",\"name\":\"Baggage kauplus\",\"url\":\"https:\\\/\\\/baggage.ee\\\/\",\"logo\":{\"@type\":\"ImageObject\",\"inLanguage\":\"en-GB\",\"@id\":\"https:\\\/\\\/baggage.ee\\\/#\\\/schema\\\/logo\\\/image\\\/\",\"url\":\"https:\\\/\\\/baggage.ee\\\/wp-content\\\/uploads\\\/2017\\\/09\\\/baggage.png\",\"contentUrl\":\"https:\\\/\\\/baggage.ee\\\/wp-content\\\/uploads\\\/2017\\\/09\\\/baggage.png\",\"width\":180,\"height\":80,\"caption\":\"Baggage kauplus\"},\"image\":{\"@id\":\"https:\\\/\\\/baggage.ee\\\/#\\\/schema\\\/logo\\\/image\\\/\"}}]}<\/script>\n<!-- \/ Yoast SEO plugin. -->","yoast_head_json":{"title":"Baggage kaubam\u00e4rgid | Charters, Code, Leeholdel, Daniel-Ray,","robots":{"index":"index","follow":"follow","max-snippet":"max-snippet:-1","max-image-preview":"max-image-preview:large","max-video-preview":"max-video-preview:-1"},"canonical":"https:\/\/baggage.ee\/baggage-tooted\/baggage-kaubamargid\/","og_locale":"en_GB","og_type":"article","og_title":"Brands - Baggage","og_url":"https:\/\/baggage.ee\/baggage-tooted\/baggage-kaubamargid\/","og_site_name":"Baggage","article_modified_time":"2017-12-14T14:53:38+00:00","twitter_card":"summary_large_image","twitter_misc":{"Estimated reading time":"1 minute"},"schema":{"@context":"https:\/\/schema.org","@graph":[{"@type":"WebPage","@id":"https:\/\/baggage.ee\/baggage-tooted\/baggage-kaubamargid\/","url":"https:\/\/baggage.ee\/baggage-tooted\/baggage-kaubamargid\/","name":"Baggage kaubam\u00e4rgid | Charters, Code, Leeholdel, Daniel-Ray,","isPartOf":{"@id":"https:\/\/baggage.ee\/#website"},"datePublished":"2017-09-25T13:41:38+00:00","dateModified":"2017-12-14T14:53:38+00:00","description":"Baggage kaubam\u00e4rgid koondavad enda alla stiilsed, mitmek\u00fclgsed ja vastupidavad kohvrid ning selja- ja vabaajakotid, mis v\u00f5imaldavad elegantselt reisida.","breadcrumb":{"@id":"https:\/\/baggage.ee\/baggage-tooted\/baggage-kaubamargid\/#breadcrumb"},"inLanguage":"en-GB","potentialAction":[{"@type":"ReadAction","target":["https:\/\/baggage.ee\/baggage-tooted\/baggage-kaubamargid\/"]}]},{"@type":"BreadcrumbList","@id":"https:\/\/baggage.ee\/baggage-tooted\/baggage-kaubamargid\/#breadcrumb","itemListElement":[{"@type":"ListItem","position":1,"name":"Home","item":"https:\/\/baggage.ee\/"},{"@type":"ListItem","position":2,"name":"Products","item":"https:\/\/baggage.ee\/gb\/baggage-tooted\/"},{"@type":"ListItem","position":3,"name":"Kaubam\u00e4rgid"}]},{"@type":"WebSite","@id":"https:\/\/baggage.ee\/#website","url":"https:\/\/baggage.ee\/","name":"Baggage","description":"Big Selection of Luggage and Travel Bags","publisher":{"@id":"https:\/\/baggage.ee\/#organization"},"potentialAction":[{"@type":"SearchAction","target":{"@type":"EntryPoint","urlTemplate":"https:\/\/baggage.ee\/?s={search_term_string}"},"query-input":{"@type":"PropertyValueSpecification","valueRequired":true,"valueName":"search_term_string"}}],"inLanguage":"en-GB"},{"@type":"Organization","@id":"https:\/\/baggage.ee\/#organization","name":"Baggage kauplus","url":"https:\/\/baggage.ee\/","logo":{"@type":"ImageObject","inLanguage":"en-GB","@id":"https:\/\/baggage.ee\/#\/schema\/logo\/image\/","url":"https:\/\/baggage.ee\/wp-content\/uploads\/2017\/09\/baggage.png","contentUrl":"https:\/\/baggage.ee\/wp-content\/uploads\/2017\/09\/baggage.png","width":180,"height":80,"caption":"Baggage kauplus"},"image":{"@id":"https:\/\/baggage.ee\/#\/schema\/logo\/image\/"}}]}},"_links":{"self":[{"href":"https:\/\/baggage.ee\/gb\/wp-json\/wp\/v2\/pages\/704","targetHints":{"allow":["GET"]}}],"collection":[{"href":"https:\/\/baggage.ee\/gb\/wp-json\/wp\/v2\/pages"}],"about":[{"href":"https:\/\/baggage.ee\/gb\/wp-json\/wp\/v2\/types\/page"}],"author":[{"embeddable":true,"href":"https:\/\/baggage.ee\/gb\/wp-json\/wp\/v2\/users\/1"}],"replies":[{"embeddable":true,"href":"https:\/\/baggage.ee\/gb\/wp-json\/wp\/v2\/comments?post=704"}],"version-history":[{"count":20,"href":"https:\/\/baggage.ee\/gb\/wp-json\/wp\/v2\/pages\/704\/revisions"}],"predecessor-version":[{"id":761,"href":"https:\/\/baggage.ee\/gb\/wp-json\/wp\/v2\/pages\/704\/revisions\/761"}],"up":[{"embeddable":true,"href":"https:\/\/baggage.ee\/gb\/wp-json\/wp\/v2\/pages\/19"}],"wp:attachment":[{"href":"https:\/\/baggage.ee\/gb\/wp-json\/wp\/v2\/media?parent=704"}],"curies":[{"name":"wp","href":"https:\/\/api.w.org\/{rel}","templated":true}]}}