{"id":686,"date":"2017-09-25T13:11:50","date_gmt":"2017-09-25T10:11:50","guid":{"rendered":"http:\/\/baggage.ee\/?page_id=686"},"modified":"2017-11-21T12:20:49","modified_gmt":"2017-11-21T10:20:49","slug":"kasipagasi-moodud","status":"publish","type":"page","link":"https:\/\/baggage.ee\/gb\/kasipagasi-moodud\/","title":{"rendered":"The Perfect Hand Luggage Size"},"content":{"rendered":"<p>Different airlines have varying size rules for hand luggage. Please find hand luggage size by airline.<\/p>\n<p>The sizes shown per airline indicate the exterior dimensions in centimetres, including wheels and other external parts.<\/p>\n<table style=\"height: 853px;\" width=\"475\">\n<tbody>\n<tr>\n<td><b>AIRLINE<\/b><\/td>\n<td><strong>MAX. DIMENSIONS with wheels<\/strong><\/td>\n<\/tr>\n<tr>\n<td><strong>Lufthansa<\/strong><\/td>\n<td>55 X 40 X 23 cm<\/td>\n<\/tr>\n<tr>\n<td><strong>Easyjet<\/strong><\/td>\n<td>56 X 45 X 25 cm<\/td>\n<\/tr>\n<tr>\n<td><strong>Air Baltic<\/strong><\/td>\n<td>55 X 40 X 20 cm<\/td>\n<\/tr>\n<tr>\n<td><strong>SAS<\/strong><\/td>\n<td>55 X 40 X 23 cm<\/td>\n<\/tr>\n<tr>\n<td><strong>Ryanair<\/strong><\/td>\n<td>55 X 40 X 20 cm<\/td>\n<\/tr>\n<tr>\n<td><strong>Finnair<\/strong><\/td>\n<td>56 X 45 X 25 cm<\/td>\n<\/tr>\n<tr>\n<td><strong>Aeroflot<\/strong><\/td>\n<td>55 X 40 X 20 cm<\/td>\n<\/tr>\n<tr>\n<td><strong>KLM \/ Air France<\/strong><\/td>\n<td>55 X 35 X 25 cm<\/td>\n<\/tr>\n<tr>\n<td><strong>British Airways<\/strong><\/td>\n<td>56 X 45 X 25 cm<\/td>\n<\/tr>\n<tr>\n<td><strong>Qatar Airways<\/strong><\/td>\n<td>50 X 37 X 25 cm<\/td>\n<\/tr>\n<tr>\n<td><strong>Emirates<\/strong><\/td>\n<td>55 X 38 X 20 cm<\/td>\n<\/tr>\n<tr>\n<td><strong>Turkish Airlines<\/strong><\/td>\n<td>55 X 40 X 23 cm<\/td>\n<\/tr>\n<tr>\n<td><strong>Nordica Aviation<\/strong><\/td>\n<td>55 X 40 X 23 cm<\/td>\n<\/tr>\n<\/tbody>\n<\/table>\n","protected":false},"excerpt":{"rendered":"<p>Different airlines have varying size rules for hand luggage. Please find hand luggage size by airline. The sizes shown per airline indicate the exterior dimensions in centimetres, including wheels and other external parts. AIRLINE MAX. DIMENSIONS with wheels Lufthansa 55 X 40 X 23 cm Easyjet 56 X 45 X 25 cm Air Baltic 55 X 40 X 20 cm SAS 55 X 40 X 23 cm Ryanair 55 X 40 X 20 cm Finnair 56 X 45 X 25 cm Aeroflot 55 X 40 X 20 cm KLM \/ Air France 55 X 35 X 25 cm British Airways 56 X 45 X 25<a class=\"more-link\" href=\"https:\/\/baggage.ee\/gb\/kasipagasi-moodud\/\">Loe edasi<\/a><\/p>\n","protected":false},"author":1,"featured_media":1180,"parent":0,"menu_order":0,"comment_status":"closed","ping_status":"closed","template":"","meta":{"footnotes":""},"class_list":["entry","author-admin","post-686","page","type-page","status-publish","has-post-thumbnail"],"translation":{"provider":"WPGlobus","version":"3.0.2","language":"gb","enabled_languages":["ee","gb"],"languages":{"ee":{"title":true,"content":true,"excerpt":false},"gb":{"title":true,"content":true,"excerpt":false}}},"yoast_head":"<!-- This site is optimized with the Yoast SEO plugin v27.3 - https:\/\/yoast.com\/product\/yoast-seo-wordpress\/ -->\n<title>K\u00e4sipagasi m\u00f5\u00f5dud | Baggage kohver 55 x 40 x 20 cm<\/title>\n<meta name=\"robots\" content=\"index, follow, max-snippet:-1, max-image-preview:large, max-video-preview:-1\" \/>\n<link rel=\"canonical\" href=\"https:\/\/baggage.ee\/kasipagasi-moodud\/\" \/>\n<meta property=\"og:locale\" content=\"en_GB\" \/>\n<meta property=\"og:type\" content=\"article\" \/>\n<meta property=\"og:title\" content=\"The Perfect Hand Luggage Size - Baggage\" \/>\n<meta property=\"og:url\" content=\"https:\/\/baggage.ee\/kasipagasi-moodud\/\" \/>\n<meta property=\"og:site_name\" content=\"Baggage\" \/>\n<meta property=\"article:modified_time\" content=\"2017-11-21T10:20:49+00:00\" \/>\n<meta property=\"og:image\" content=\"https:\/\/baggage.ee\/wp-content\/uploads\/2017\/11\/DSC_0824-1024x683.jpg\" \/>\n\t<meta property=\"og:image:width\" content=\"1024\" \/>\n\t<meta property=\"og:image:height\" content=\"683\" \/>\n\t<meta property=\"og:image:type\" content=\"image\/jpeg\" \/>\n<meta name=\"twitter:card\" content=\"summary_large_image\" \/>\n<meta name=\"twitter:label1\" content=\"Estimated reading time\" \/>\n\t<meta name=\"twitter:data1\" content=\"1 minute\" \/>\n<script type=\"application\/ld+json\" class=\"yoast-schema-graph\">{\"@context\":\"https:\\\/\\\/schema.org\",\"@graph\":[{\"@type\":\"WebPage\",\"@id\":\"https:\\\/\\\/baggage.ee\\\/kasipagasi-moodud\\\/\",\"url\":\"https:\\\/\\\/baggage.ee\\\/kasipagasi-moodud\\\/\",\"name\":\"K\u00e4sipagasi m\u00f5\u00f5dud | Baggage kohver 55 x 40 x 20 cm\",\"isPartOf\":{\"@id\":\"https:\\\/\\\/baggage.ee\\\/#website\"},\"primaryImageOfPage\":{\"@id\":\"https:\\\/\\\/baggage.ee\\\/kasipagasi-moodud\\\/#primaryimage\"},\"image\":{\"@id\":\"https:\\\/\\\/baggage.ee\\\/kasipagasi-moodud\\\/#primaryimage\"},\"thumbnailUrl\":\"https:\\\/\\\/baggage.ee\\\/wp-content\\\/uploads\\\/2017\\\/11\\\/DSC_0824.jpg\",\"datePublished\":\"2017-09-25T10:11:50+00:00\",\"dateModified\":\"2017-11-21T10:20:49+00:00\",\"description\":\"K\u00e4sipagasi m\u00f5\u00f5dud on eri lennufirmadel erinevate m\u00f5\u00f5tmetega. Vaata t\u00e4psemalt n\u00f5udeid k\u00e4sipagasile lennufirmade kaupa! M\u00f5\u00f5tmed on koos ratastega.\",\"breadcrumb\":{\"@id\":\"https:\\\/\\\/baggage.ee\\\/kasipagasi-moodud\\\/#breadcrumb\"},\"inLanguage\":\"en-GB\",\"potentialAction\":[{\"@type\":\"ReadAction\",\"target\":[\"https:\\\/\\\/baggage.ee\\\/kasipagasi-moodud\\\/\"]}]},{\"@type\":\"ImageObject\",\"inLanguage\":\"en-GB\",\"@id\":\"https:\\\/\\\/baggage.ee\\\/kasipagasi-moodud\\\/#primaryimage\",\"url\":\"https:\\\/\\\/baggage.ee\\\/wp-content\\\/uploads\\\/2017\\\/11\\\/DSC_0824.jpg\",\"contentUrl\":\"https:\\\/\\\/baggage.ee\\\/wp-content\\\/uploads\\\/2017\\\/11\\\/DSC_0824.jpg\",\"width\":4608,\"height\":3072,\"caption\":\"K\u00e4sipagasi m\u00f5\u00f5dud\"},{\"@type\":\"BreadcrumbList\",\"@id\":\"https:\\\/\\\/baggage.ee\\\/kasipagasi-moodud\\\/#breadcrumb\",\"itemListElement\":[{\"@type\":\"ListItem\",\"position\":1,\"name\":\"Home\",\"item\":\"https:\\\/\\\/baggage.ee\\\/\"},{\"@type\":\"ListItem\",\"position\":2,\"name\":\"Lubatud k\u00e4sipagasi m\u00f5\u00f5dud\"}]},{\"@type\":\"WebSite\",\"@id\":\"https:\\\/\\\/baggage.ee\\\/#website\",\"url\":\"https:\\\/\\\/baggage.ee\\\/\",\"name\":\"Baggage\",\"description\":\"Big Selection of Luggage and Travel Bags\",\"publisher\":{\"@id\":\"https:\\\/\\\/baggage.ee\\\/#organization\"},\"potentialAction\":[{\"@type\":\"SearchAction\",\"target\":{\"@type\":\"EntryPoint\",\"urlTemplate\":\"https:\\\/\\\/baggage.ee\\\/?s={search_term_string}\"},\"query-input\":{\"@type\":\"PropertyValueSpecification\",\"valueRequired\":true,\"valueName\":\"search_term_string\"}}],\"inLanguage\":\"en-GB\"},{\"@type\":\"Organization\",\"@id\":\"https:\\\/\\\/baggage.ee\\\/#organization\",\"name\":\"Baggage kauplus\",\"url\":\"https:\\\/\\\/baggage.ee\\\/\",\"logo\":{\"@type\":\"ImageObject\",\"inLanguage\":\"en-GB\",\"@id\":\"https:\\\/\\\/baggage.ee\\\/#\\\/schema\\\/logo\\\/image\\\/\",\"url\":\"https:\\\/\\\/baggage.ee\\\/wp-content\\\/uploads\\\/2017\\\/09\\\/baggage.png\",\"contentUrl\":\"https:\\\/\\\/baggage.ee\\\/wp-content\\\/uploads\\\/2017\\\/09\\\/baggage.png\",\"width\":180,\"height\":80,\"caption\":\"Baggage kauplus\"},\"image\":{\"@id\":\"https:\\\/\\\/baggage.ee\\\/#\\\/schema\\\/logo\\\/image\\\/\"}}]}<\/script>\n<!-- \/ Yoast SEO plugin. -->","yoast_head_json":{"title":"K\u00e4sipagasi m\u00f5\u00f5dud | Baggage kohver 55 x 40 x 20 cm","robots":{"index":"index","follow":"follow","max-snippet":"max-snippet:-1","max-image-preview":"max-image-preview:large","max-video-preview":"max-video-preview:-1"},"canonical":"https:\/\/baggage.ee\/kasipagasi-moodud\/","og_locale":"en_GB","og_type":"article","og_title":"The Perfect Hand Luggage Size - Baggage","og_url":"https:\/\/baggage.ee\/kasipagasi-moodud\/","og_site_name":"Baggage","article_modified_time":"2017-11-21T10:20:49+00:00","og_image":[{"width":1024,"height":683,"url":"https:\/\/baggage.ee\/wp-content\/uploads\/2017\/11\/DSC_0824-1024x683.jpg","type":"image\/jpeg"}],"twitter_card":"summary_large_image","twitter_misc":{"Estimated reading time":"1 minute"},"schema":{"@context":"https:\/\/schema.org","@graph":[{"@type":"WebPage","@id":"https:\/\/baggage.ee\/kasipagasi-moodud\/","url":"https:\/\/baggage.ee\/kasipagasi-moodud\/","name":"K\u00e4sipagasi m\u00f5\u00f5dud | Baggage kohver 55 x 40 x 20 cm","isPartOf":{"@id":"https:\/\/baggage.ee\/#website"},"primaryImageOfPage":{"@id":"https:\/\/baggage.ee\/kasipagasi-moodud\/#primaryimage"},"image":{"@id":"https:\/\/baggage.ee\/kasipagasi-moodud\/#primaryimage"},"thumbnailUrl":"https:\/\/baggage.ee\/wp-content\/uploads\/2017\/11\/DSC_0824.jpg","datePublished":"2017-09-25T10:11:50+00:00","dateModified":"2017-11-21T10:20:49+00:00","description":"K\u00e4sipagasi m\u00f5\u00f5dud on eri lennufirmadel erinevate m\u00f5\u00f5tmetega. Vaata t\u00e4psemalt n\u00f5udeid k\u00e4sipagasile lennufirmade kaupa! M\u00f5\u00f5tmed on koos ratastega.","breadcrumb":{"@id":"https:\/\/baggage.ee\/kasipagasi-moodud\/#breadcrumb"},"inLanguage":"en-GB","potentialAction":[{"@type":"ReadAction","target":["https:\/\/baggage.ee\/kasipagasi-moodud\/"]}]},{"@type":"ImageObject","inLanguage":"en-GB","@id":"https:\/\/baggage.ee\/kasipagasi-moodud\/#primaryimage","url":"https:\/\/baggage.ee\/wp-content\/uploads\/2017\/11\/DSC_0824.jpg","contentUrl":"https:\/\/baggage.ee\/wp-content\/uploads\/2017\/11\/DSC_0824.jpg","width":4608,"height":3072,"caption":"K\u00e4sipagasi m\u00f5\u00f5dud"},{"@type":"BreadcrumbList","@id":"https:\/\/baggage.ee\/kasipagasi-moodud\/#breadcrumb","itemListElement":[{"@type":"ListItem","position":1,"name":"Home","item":"https:\/\/baggage.ee\/"},{"@type":"ListItem","position":2,"name":"Lubatud k\u00e4sipagasi m\u00f5\u00f5dud"}]},{"@type":"WebSite","@id":"https:\/\/baggage.ee\/#website","url":"https:\/\/baggage.ee\/","name":"Baggage","description":"Big Selection of Luggage and Travel Bags","publisher":{"@id":"https:\/\/baggage.ee\/#organization"},"potentialAction":[{"@type":"SearchAction","target":{"@type":"EntryPoint","urlTemplate":"https:\/\/baggage.ee\/?s={search_term_string}"},"query-input":{"@type":"PropertyValueSpecification","valueRequired":true,"valueName":"search_term_string"}}],"inLanguage":"en-GB"},{"@type":"Organization","@id":"https:\/\/baggage.ee\/#organization","name":"Baggage kauplus","url":"https:\/\/baggage.ee\/","logo":{"@type":"ImageObject","inLanguage":"en-GB","@id":"https:\/\/baggage.ee\/#\/schema\/logo\/image\/","url":"https:\/\/baggage.ee\/wp-content\/uploads\/2017\/09\/baggage.png","contentUrl":"https:\/\/baggage.ee\/wp-content\/uploads\/2017\/09\/baggage.png","width":180,"height":80,"caption":"Baggage kauplus"},"image":{"@id":"https:\/\/baggage.ee\/#\/schema\/logo\/image\/"}}]}},"_links":{"self":[{"href":"https:\/\/baggage.ee\/gb\/wp-json\/wp\/v2\/pages\/686","targetHints":{"allow":["GET"]}}],"collection":[{"href":"https:\/\/baggage.ee\/gb\/wp-json\/wp\/v2\/pages"}],"about":[{"href":"https:\/\/baggage.ee\/gb\/wp-json\/wp\/v2\/types\/page"}],"author":[{"embeddable":true,"href":"https:\/\/baggage.ee\/gb\/wp-json\/wp\/v2\/users\/1"}],"replies":[{"embeddable":true,"href":"https:\/\/baggage.ee\/gb\/wp-json\/wp\/v2\/comments?post=686"}],"version-history":[{"count":10,"href":"https:\/\/baggage.ee\/gb\/wp-json\/wp\/v2\/pages\/686\/revisions"}],"predecessor-version":[{"id":1179,"href":"https:\/\/baggage.ee\/gb\/wp-json\/wp\/v2\/pages\/686\/revisions\/1179"}],"wp:featuredmedia":[{"embeddable":true,"href":"https:\/\/baggage.ee\/gb\/wp-json\/wp\/v2\/media\/1180"}],"wp:attachment":[{"href":"https:\/\/baggage.ee\/gb\/wp-json\/wp\/v2\/media?parent=686"}],"curies":[{"name":"wp","href":"https:\/\/api.w.org\/{rel}","templated":true}]}}