{"id":567,"date":"2017-09-18T16:20:16","date_gmt":"2017-09-18T13:20:16","guid":{"rendered":"http:\/\/baggage.gasell.ee\/?page_id=567"},"modified":"2017-11-21T12:54:24","modified_gmt":"2017-11-21T10:54:24","slug":"registreeritud-pagasi-reeglid","status":"publish","type":"page","link":"https:\/\/baggage.ee\/gb\/registreeritud-pagasi-reeglid\/","title":{"rendered":"Checked Baggage Rules"},"content":{"rendered":"<p>All passengers and their baggage (incl. checked baggage) will go through security control. We recommend that you place all items prohibited from being carried in hand baggage in your checked baggage.<\/p>\n<p>Explosive and incendiary substances and devices as well as devices that can be used to cause serious injury or to threaten the security of the aircraft, including ammunition, detonators, mines, grenades and other explosive military stores, pyrotechnics, smoke bombs and cartridges, and replicas of explosive devices, are prohibited from being carried in checked baggage.<\/p>\n<p>Checked baggage will be carried in the aircraft\u2019s cargo hold. When packing your bags before travelling, we recommend that you pay attention to the following:<\/p>\n<ul>\n<li>Pack your own bags!<\/li>\n<li>Do not accept any items or objects for delivery from any strangers even if you sincerely want to help!<\/li>\n<li>Determine the contents and composition of the items you pack to ensure that these do not contain prohibited items or substances!<\/li>\n<li>Never leave your baggage unattended!<\/li>\n<\/ul>\n<p><em>Source:\u00a0<a href=\"https:\/\/www.tallinn-airport.ee\/en\/passengers\/baggage\/checked-baggage-rules\/\" target=\"_blank\" rel=\"noopener\">www.tallinn-airport.ee<\/a><\/em><\/p>\n","protected":false},"excerpt":{"rendered":"<p>All passengers and their baggage (incl. checked baggage) will go through security control. We recommend that you place all items prohibited from being carried in hand baggage in your checked baggage. Explosive and incendiary substances and devices as well as devices that can be used to cause serious injury or to threaten the security of the aircraft, including ammunition, detonators, mines, grenades and other explosive military stores, pyrotechnics, smoke bombs and cartridges, and replicas of explosive devices, are prohibited from being carried in checked baggage. Checked baggage will be carried in the aircraft\u2019s cargo hold. When packing your bags before travelling, we recommend that you<a class=\"more-link\" href=\"https:\/\/baggage.ee\/gb\/registreeritud-pagasi-reeglid\/\">Loe edasi<\/a><\/p>\n","protected":false},"author":1,"featured_media":532,"parent":0,"menu_order":0,"comment_status":"closed","ping_status":"closed","template":"","meta":{"footnotes":""},"class_list":["entry","author-admin","post-567","page","type-page","status-publish","has-post-thumbnail"],"translation":{"provider":"WPGlobus","version":"3.0.2","language":"gb","enabled_languages":["ee","gb"],"languages":{"ee":{"title":true,"content":true,"excerpt":false},"gb":{"title":true,"content":true,"excerpt":false}}},"yoast_head":"<!-- This site is optimized with the Yoast SEO plugin v27.3 - https:\/\/yoast.com\/product\/yoast-seo-wordpress\/ -->\n<title>Registreeritud pagasi reeglid | Baggage | Reisikohvrid ja vabaajakotid<\/title>\n<meta name=\"robots\" content=\"index, follow, max-snippet:-1, max-image-preview:large, max-video-preview:-1\" \/>\n<link rel=\"canonical\" href=\"https:\/\/baggage.ee\/registreeritud-pagasi-reeglid\/\" \/>\n<meta property=\"og:locale\" content=\"en_GB\" \/>\n<meta property=\"og:type\" content=\"article\" \/>\n<meta property=\"og:title\" content=\"Checked Baggage Rules - Baggage\" \/>\n<meta property=\"og:url\" content=\"https:\/\/baggage.ee\/registreeritud-pagasi-reeglid\/\" \/>\n<meta property=\"og:site_name\" content=\"Baggage\" \/>\n<meta property=\"article:modified_time\" content=\"2017-11-21T10:54:24+00:00\" \/>\n<meta property=\"og:image\" content=\"https:\/\/baggage.ee\/wp-content\/uploads\/2017\/09\/pilt1.jpg\" \/>\n\t<meta property=\"og:image:width\" content=\"1920\" \/>\n\t<meta property=\"og:image:height\" content=\"1280\" \/>\n\t<meta property=\"og:image:type\" content=\"image\/jpeg\" \/>\n<meta name=\"twitter:card\" content=\"summary_large_image\" \/>\n<meta name=\"twitter:label1\" content=\"Estimated reading time\" \/>\n\t<meta name=\"twitter:data1\" content=\"2 minutes\" \/>\n<script type=\"application\/ld+json\" class=\"yoast-schema-graph\">{\"@context\":\"https:\\\/\\\/schema.org\",\"@graph\":[{\"@type\":\"WebPage\",\"@id\":\"https:\\\/\\\/baggage.ee\\\/registreeritud-pagasi-reeglid\\\/\",\"url\":\"https:\\\/\\\/baggage.ee\\\/registreeritud-pagasi-reeglid\\\/\",\"name\":\"Registreeritud pagasi reeglid | Baggage | Reisikohvrid ja vabaajakotid\",\"isPartOf\":{\"@id\":\"https:\\\/\\\/baggage.ee\\\/#website\"},\"primaryImageOfPage\":{\"@id\":\"https:\\\/\\\/baggage.ee\\\/registreeritud-pagasi-reeglid\\\/#primaryimage\"},\"image\":{\"@id\":\"https:\\\/\\\/baggage.ee\\\/registreeritud-pagasi-reeglid\\\/#primaryimage\"},\"thumbnailUrl\":\"https:\\\/\\\/baggage.ee\\\/wp-content\\\/uploads\\\/2017\\\/09\\\/pilt1.jpg\",\"datePublished\":\"2017-09-18T13:20:16+00:00\",\"dateModified\":\"2017-11-21T10:54:24+00:00\",\"description\":\"Registreeritud pagasi reeglid selle kohta, kui palju ja milliste m\u00f5\u00f5tudega pagasit on lubatud \u00f5hus\u00f5idukisse v\u00f5tta, on eri lennufirmadel erinevad.\",\"breadcrumb\":{\"@id\":\"https:\\\/\\\/baggage.ee\\\/registreeritud-pagasi-reeglid\\\/#breadcrumb\"},\"inLanguage\":\"en-GB\",\"potentialAction\":[{\"@type\":\"ReadAction\",\"target\":[\"https:\\\/\\\/baggage.ee\\\/registreeritud-pagasi-reeglid\\\/\"]}]},{\"@type\":\"ImageObject\",\"inLanguage\":\"en-GB\",\"@id\":\"https:\\\/\\\/baggage.ee\\\/registreeritud-pagasi-reeglid\\\/#primaryimage\",\"url\":\"https:\\\/\\\/baggage.ee\\\/wp-content\\\/uploads\\\/2017\\\/09\\\/pilt1.jpg\",\"contentUrl\":\"https:\\\/\\\/baggage.ee\\\/wp-content\\\/uploads\\\/2017\\\/09\\\/pilt1.jpg\",\"width\":1920,\"height\":1280,\"caption\":\"registreeritud pagasi reeglid\"},{\"@type\":\"BreadcrumbList\",\"@id\":\"https:\\\/\\\/baggage.ee\\\/registreeritud-pagasi-reeglid\\\/#breadcrumb\",\"itemListElement\":[{\"@type\":\"ListItem\",\"position\":1,\"name\":\"Home\",\"item\":\"https:\\\/\\\/baggage.ee\\\/\"},{\"@type\":\"ListItem\",\"position\":2,\"name\":\"Registreeritud pagasi reeglid\"}]},{\"@type\":\"WebSite\",\"@id\":\"https:\\\/\\\/baggage.ee\\\/#website\",\"url\":\"https:\\\/\\\/baggage.ee\\\/\",\"name\":\"Baggage\",\"description\":\"Big Selection of Luggage and Travel Bags\",\"publisher\":{\"@id\":\"https:\\\/\\\/baggage.ee\\\/#organization\"},\"potentialAction\":[{\"@type\":\"SearchAction\",\"target\":{\"@type\":\"EntryPoint\",\"urlTemplate\":\"https:\\\/\\\/baggage.ee\\\/?s={search_term_string}\"},\"query-input\":{\"@type\":\"PropertyValueSpecification\",\"valueRequired\":true,\"valueName\":\"search_term_string\"}}],\"inLanguage\":\"en-GB\"},{\"@type\":\"Organization\",\"@id\":\"https:\\\/\\\/baggage.ee\\\/#organization\",\"name\":\"Baggage kauplus\",\"url\":\"https:\\\/\\\/baggage.ee\\\/\",\"logo\":{\"@type\":\"ImageObject\",\"inLanguage\":\"en-GB\",\"@id\":\"https:\\\/\\\/baggage.ee\\\/#\\\/schema\\\/logo\\\/image\\\/\",\"url\":\"https:\\\/\\\/baggage.ee\\\/wp-content\\\/uploads\\\/2017\\\/09\\\/baggage.png\",\"contentUrl\":\"https:\\\/\\\/baggage.ee\\\/wp-content\\\/uploads\\\/2017\\\/09\\\/baggage.png\",\"width\":180,\"height\":80,\"caption\":\"Baggage kauplus\"},\"image\":{\"@id\":\"https:\\\/\\\/baggage.ee\\\/#\\\/schema\\\/logo\\\/image\\\/\"}}]}<\/script>\n<!-- \/ Yoast SEO plugin. -->","yoast_head_json":{"title":"Registreeritud pagasi reeglid | Baggage | Reisikohvrid ja vabaajakotid","robots":{"index":"index","follow":"follow","max-snippet":"max-snippet:-1","max-image-preview":"max-image-preview:large","max-video-preview":"max-video-preview:-1"},"canonical":"https:\/\/baggage.ee\/registreeritud-pagasi-reeglid\/","og_locale":"en_GB","og_type":"article","og_title":"Checked Baggage Rules - Baggage","og_url":"https:\/\/baggage.ee\/registreeritud-pagasi-reeglid\/","og_site_name":"Baggage","article_modified_time":"2017-11-21T10:54:24+00:00","og_image":[{"width":1920,"height":1280,"url":"https:\/\/baggage.ee\/wp-content\/uploads\/2017\/09\/pilt1.jpg","type":"image\/jpeg"}],"twitter_card":"summary_large_image","twitter_misc":{"Estimated reading time":"2 minutes"},"schema":{"@context":"https:\/\/schema.org","@graph":[{"@type":"WebPage","@id":"https:\/\/baggage.ee\/registreeritud-pagasi-reeglid\/","url":"https:\/\/baggage.ee\/registreeritud-pagasi-reeglid\/","name":"Registreeritud pagasi reeglid | Baggage | Reisikohvrid ja vabaajakotid","isPartOf":{"@id":"https:\/\/baggage.ee\/#website"},"primaryImageOfPage":{"@id":"https:\/\/baggage.ee\/registreeritud-pagasi-reeglid\/#primaryimage"},"image":{"@id":"https:\/\/baggage.ee\/registreeritud-pagasi-reeglid\/#primaryimage"},"thumbnailUrl":"https:\/\/baggage.ee\/wp-content\/uploads\/2017\/09\/pilt1.jpg","datePublished":"2017-09-18T13:20:16+00:00","dateModified":"2017-11-21T10:54:24+00:00","description":"Registreeritud pagasi reeglid selle kohta, kui palju ja milliste m\u00f5\u00f5tudega pagasit on lubatud \u00f5hus\u00f5idukisse v\u00f5tta, on eri lennufirmadel erinevad.","breadcrumb":{"@id":"https:\/\/baggage.ee\/registreeritud-pagasi-reeglid\/#breadcrumb"},"inLanguage":"en-GB","potentialAction":[{"@type":"ReadAction","target":["https:\/\/baggage.ee\/registreeritud-pagasi-reeglid\/"]}]},{"@type":"ImageObject","inLanguage":"en-GB","@id":"https:\/\/baggage.ee\/registreeritud-pagasi-reeglid\/#primaryimage","url":"https:\/\/baggage.ee\/wp-content\/uploads\/2017\/09\/pilt1.jpg","contentUrl":"https:\/\/baggage.ee\/wp-content\/uploads\/2017\/09\/pilt1.jpg","width":1920,"height":1280,"caption":"registreeritud pagasi reeglid"},{"@type":"BreadcrumbList","@id":"https:\/\/baggage.ee\/registreeritud-pagasi-reeglid\/#breadcrumb","itemListElement":[{"@type":"ListItem","position":1,"name":"Home","item":"https:\/\/baggage.ee\/"},{"@type":"ListItem","position":2,"name":"Registreeritud pagasi reeglid"}]},{"@type":"WebSite","@id":"https:\/\/baggage.ee\/#website","url":"https:\/\/baggage.ee\/","name":"Baggage","description":"Big Selection of Luggage and Travel Bags","publisher":{"@id":"https:\/\/baggage.ee\/#organization"},"potentialAction":[{"@type":"SearchAction","target":{"@type":"EntryPoint","urlTemplate":"https:\/\/baggage.ee\/?s={search_term_string}"},"query-input":{"@type":"PropertyValueSpecification","valueRequired":true,"valueName":"search_term_string"}}],"inLanguage":"en-GB"},{"@type":"Organization","@id":"https:\/\/baggage.ee\/#organization","name":"Baggage kauplus","url":"https:\/\/baggage.ee\/","logo":{"@type":"ImageObject","inLanguage":"en-GB","@id":"https:\/\/baggage.ee\/#\/schema\/logo\/image\/","url":"https:\/\/baggage.ee\/wp-content\/uploads\/2017\/09\/baggage.png","contentUrl":"https:\/\/baggage.ee\/wp-content\/uploads\/2017\/09\/baggage.png","width":180,"height":80,"caption":"Baggage kauplus"},"image":{"@id":"https:\/\/baggage.ee\/#\/schema\/logo\/image\/"}}]}},"_links":{"self":[{"href":"https:\/\/baggage.ee\/gb\/wp-json\/wp\/v2\/pages\/567","targetHints":{"allow":["GET"]}}],"collection":[{"href":"https:\/\/baggage.ee\/gb\/wp-json\/wp\/v2\/pages"}],"about":[{"href":"https:\/\/baggage.ee\/gb\/wp-json\/wp\/v2\/types\/page"}],"author":[{"embeddable":true,"href":"https:\/\/baggage.ee\/gb\/wp-json\/wp\/v2\/users\/1"}],"replies":[{"embeddable":true,"href":"https:\/\/baggage.ee\/gb\/wp-json\/wp\/v2\/comments?post=567"}],"version-history":[{"count":5,"href":"https:\/\/baggage.ee\/gb\/wp-json\/wp\/v2\/pages\/567\/revisions"}],"predecessor-version":[{"id":682,"href":"https:\/\/baggage.ee\/gb\/wp-json\/wp\/v2\/pages\/567\/revisions\/682"}],"wp:featuredmedia":[{"embeddable":true,"href":"https:\/\/baggage.ee\/gb\/wp-json\/wp\/v2\/media\/532"}],"wp:attachment":[{"href":"https:\/\/baggage.ee\/gb\/wp-json\/wp\/v2\/media?parent=567"}],"curies":[{"name":"wp","href":"https:\/\/api.w.org\/{rel}","templated":true}]}}