{"id":425,"date":"2017-09-13T15:25:11","date_gmt":"2017-09-13T12:25:11","guid":{"rendered":"http:\/\/baggage.gasell.ee\/?page_id=425"},"modified":"2024-05-16T14:10:23","modified_gmt":"2024-05-16T11:10:23","slug":"kontakt","status":"publish","type":"page","link":"https:\/\/baggage.ee\/gb\/kontakt\/","title":{"rendered":"Contact"},"content":{"rendered":"<p><strong>IN P\u00c4RNU<\/strong><br \/>\nKAUBAMAJAKAS, I Floor<br \/>\nPapiniidu 8, P\u00e4rnu 80010<br \/>\nTel: +372 4455253<br \/>\nOPEN from Monday to Sunday 10-20<\/p>\n<p><strong>WHOLESALE<\/strong><br \/>\nAS Gasell<br \/>\nV\u00e4geva str. 8, Rae Municipality,<br \/>\n75312, Harjumaa, Eesti<br \/>\nTel:+ 372 660 7000<br \/>\nE-mail: <a href=\"mailto:gasell@gasell.ee\">gasell@gasell.ee<\/a><\/p>\n<p>Use our\u00a0contact form\u00a0to get the answers you need.<\/p>\n\n<div class=\"wpcf7 no-js\" id=\"wpcf7-f660-o1\" lang=\"et\" dir=\"ltr\" data-wpcf7-id=\"660\">\n<div class=\"screen-reader-response\"><p role=\"status\" aria-live=\"polite\" aria-atomic=\"true\"><\/p> <ul><\/ul><\/div>\n<form action=\"\/gb\/wp-json\/wp\/v2\/pages\/425#wpcf7-f660-o1\" method=\"post\" class=\"wpcf7-form init\" aria-label=\"Contact form\" novalidate=\"novalidate\" data-status=\"init\">\n<fieldset class=\"hidden-fields-container\"><input type=\"hidden\" name=\"_wpcf7\" value=\"660\" \/><input type=\"hidden\" name=\"_wpcf7_version\" value=\"6.1.5\" \/><input type=\"hidden\" name=\"_wpcf7_locale\" value=\"et\" \/><input type=\"hidden\" name=\"_wpcf7_unit_tag\" value=\"wpcf7-f660-o1\" \/><input type=\"hidden\" name=\"_wpcf7_container_post\" value=\"0\" \/><input type=\"hidden\" name=\"_wpcf7_posted_data_hash\" value=\"\" \/>\n<\/fieldset>\n<div class=\"row\">\n\t<p>Name (required)<br \/>\n<span class=\"wpcf7-form-control-wrap\" data-name=\"your-name\"><input size=\"40\" maxlength=\"400\" class=\"wpcf7-form-control wpcf7-text wpcf7-validates-as-required\" aria-required=\"true\" aria-invalid=\"false\" value=\"\" type=\"text\" name=\"your-name\" \/><\/span>\n\t<\/p>\n<\/div>\n<div class=\"row\">\n\t<p>E-mail (required)<br \/>\n<span class=\"wpcf7-form-control-wrap\" data-name=\"your-email\"><input size=\"40\" maxlength=\"400\" class=\"wpcf7-form-control wpcf7-email wpcf7-validates-as-required wpcf7-text wpcf7-validates-as-email\" aria-required=\"true\" aria-invalid=\"false\" value=\"\" type=\"email\" name=\"your-email\" \/><\/span>\n\t<\/p>\n<\/div>\n<div class=\"row\">\n\t<p>Subject<br \/>\n<span class=\"wpcf7-form-control-wrap\" data-name=\"your-subject\"><input size=\"40\" maxlength=\"400\" class=\"wpcf7-form-control wpcf7-text\" aria-invalid=\"false\" value=\"\" type=\"text\" name=\"your-subject\" \/><\/span>\n\t<\/p>\n<\/div>\n<div class=\"row\">\n\t<p>Message<br \/>\n<span class=\"wpcf7-form-control-wrap\" data-name=\"your-message\"><textarea cols=\"40\" rows=\"10\" maxlength=\"2000\" class=\"wpcf7-form-control wpcf7-textarea\" aria-invalid=\"false\" name=\"your-message\"><\/textarea><\/span>\n\t<\/p>\n<\/div>\n<div class=\"row\">\n\t<p><input class=\"wpcf7-form-control wpcf7-submit has-spinner\" type=\"submit\" value=\"Send\" \/>\n\t<\/p>\n<\/div><p style=\"display: none !important;\" class=\"akismet-fields-container\" data-prefix=\"_wpcf7_ak_\"><label>&#916;<textarea name=\"_wpcf7_ak_hp_textarea\" cols=\"45\" rows=\"8\" maxlength=\"100\"><\/textarea><\/label><input type=\"hidden\" id=\"ak_js_1\" name=\"_wpcf7_ak_js\" value=\"96\"\/><script>document.getElementById( \"ak_js_1\" ).setAttribute( \"value\", ( new Date() ).getTime() );<\/script><\/p><div class=\"wpcf7-response-output\" aria-hidden=\"true\"><\/div>\n<\/form>\n<\/div>\n\n","protected":false},"excerpt":{"rendered":"<p>IN P\u00c4RNU KAUBAMAJAKAS, I Floor Papiniidu 8, P\u00e4rnu 80010 Tel: +372 4455253 OPEN from Monday to Sunday 10-20 WHOLESALE AS Gasell V\u00e4geva str. 8, Rae Municipality, 75312, Harjumaa, Eesti Tel:+ 372 660 7000 E-mail: gasell@gasell.ee Use our\u00a0contact form\u00a0to get the answers you need.<a class=\"more-link\" href=\"https:\/\/baggage.ee\/gb\/kontakt\/\">Loe edasi<\/a><\/p>\n","protected":false},"author":1,"featured_media":0,"parent":0,"menu_order":0,"comment_status":"closed","ping_status":"closed","template":"","meta":{"footnotes":""},"class_list":["entry","author-admin","post-425","page","type-page","status-publish"],"translation":{"provider":"WPGlobus","version":"3.0.2","language":"gb","enabled_languages":["ee","gb"],"languages":{"ee":{"title":true,"content":true,"excerpt":false},"gb":{"title":true,"content":true,"excerpt":false}}},"yoast_head":"<!-- This site is optimized with the Yoast SEO plugin v27.3 - https:\/\/yoast.com\/product\/yoast-seo-wordpress\/ -->\n<title>Baggage kohvrid | Suurima valikuga kohvripood Eestis | Kontakt<\/title>\n<meta name=\"robots\" content=\"index, follow, max-snippet:-1, max-image-preview:large, max-video-preview:-1\" \/>\n<link rel=\"canonical\" href=\"https:\/\/baggage.ee\/kontakt\/\" \/>\n<meta property=\"og:locale\" content=\"en_GB\" \/>\n<meta property=\"og:type\" content=\"article\" \/>\n<meta property=\"og:title\" content=\"Contact - Baggage\" \/>\n<meta property=\"og:url\" content=\"https:\/\/baggage.ee\/kontakt\/\" \/>\n<meta property=\"og:site_name\" content=\"Baggage\" \/>\n<meta property=\"article:modified_time\" content=\"2024-05-16T11:10:23+00:00\" \/>\n<meta name=\"twitter:card\" content=\"summary_large_image\" \/>\n<meta name=\"twitter:label1\" content=\"Est. reading time\" \/>\n\t<meta name=\"twitter:data1\" content=\"1 minute\" \/>\n<script type=\"application\/ld+json\" class=\"yoast-schema-graph\">{\"@context\":\"https:\\\/\\\/schema.org\",\"@graph\":[{\"@type\":\"WebPage\",\"@id\":\"https:\\\/\\\/baggage.ee\\\/kontakt\\\/\",\"url\":\"https:\\\/\\\/baggage.ee\\\/kontakt\\\/\",\"name\":\"Baggage kohvrid | Suurima valikuga kohvripood Eestis | Kontakt\",\"isPartOf\":{\"@id\":\"https:\\\/\\\/baggage.ee\\\/#website\"},\"datePublished\":\"2017-09-13T12:25:11+00:00\",\"dateModified\":\"2024-05-16T11:10:23+00:00\",\"description\":\"Baggage kohvrid on kvaliteetsed, stiilsed ja kerged. Meie valikus on reisikohvrid, \u00e4rikohvrid meestele ja naistele ning ratastel reisikotid.\",\"breadcrumb\":{\"@id\":\"https:\\\/\\\/baggage.ee\\\/kontakt\\\/#breadcrumb\"},\"inLanguage\":\"en-GB\",\"potentialAction\":[{\"@type\":\"ReadAction\",\"target\":[\"https:\\\/\\\/baggage.ee\\\/kontakt\\\/\"]}]},{\"@type\":\"BreadcrumbList\",\"@id\":\"https:\\\/\\\/baggage.ee\\\/kontakt\\\/#breadcrumb\",\"itemListElement\":[{\"@type\":\"ListItem\",\"position\":1,\"name\":\"Home\",\"item\":\"https:\\\/\\\/baggage.ee\\\/\"},{\"@type\":\"ListItem\",\"position\":2,\"name\":\"Kontakt\"}]},{\"@type\":\"WebSite\",\"@id\":\"https:\\\/\\\/baggage.ee\\\/#website\",\"url\":\"https:\\\/\\\/baggage.ee\\\/\",\"name\":\"Baggage\",\"description\":\"Big Selection of Luggage and Travel Bags\",\"publisher\":{\"@id\":\"https:\\\/\\\/baggage.ee\\\/#organization\"},\"potentialAction\":[{\"@type\":\"SearchAction\",\"target\":{\"@type\":\"EntryPoint\",\"urlTemplate\":\"https:\\\/\\\/baggage.ee\\\/?s={search_term_string}\"},\"query-input\":{\"@type\":\"PropertyValueSpecification\",\"valueRequired\":true,\"valueName\":\"search_term_string\"}}],\"inLanguage\":\"en-GB\"},{\"@type\":\"Organization\",\"@id\":\"https:\\\/\\\/baggage.ee\\\/#organization\",\"name\":\"Baggage kauplus\",\"url\":\"https:\\\/\\\/baggage.ee\\\/\",\"logo\":{\"@type\":\"ImageObject\",\"inLanguage\":\"en-GB\",\"@id\":\"https:\\\/\\\/baggage.ee\\\/#\\\/schema\\\/logo\\\/image\\\/\",\"url\":\"https:\\\/\\\/baggage.ee\\\/wp-content\\\/uploads\\\/2017\\\/09\\\/baggage.png\",\"contentUrl\":\"https:\\\/\\\/baggage.ee\\\/wp-content\\\/uploads\\\/2017\\\/09\\\/baggage.png\",\"width\":180,\"height\":80,\"caption\":\"Baggage kauplus\"},\"image\":{\"@id\":\"https:\\\/\\\/baggage.ee\\\/#\\\/schema\\\/logo\\\/image\\\/\"}}]}<\/script>\n<!-- \/ Yoast SEO plugin. -->","yoast_head_json":{"title":"Baggage kohvrid | Suurima valikuga kohvripood Eestis | Kontakt","robots":{"index":"index","follow":"follow","max-snippet":"max-snippet:-1","max-image-preview":"max-image-preview:large","max-video-preview":"max-video-preview:-1"},"canonical":"https:\/\/baggage.ee\/kontakt\/","og_locale":"en_GB","og_type":"article","og_title":"Contact - Baggage","og_url":"https:\/\/baggage.ee\/kontakt\/","og_site_name":"Baggage","article_modified_time":"2024-05-16T11:10:23+00:00","twitter_card":"summary_large_image","twitter_misc":{"Est. reading time":"1 minute"},"schema":{"@context":"https:\/\/schema.org","@graph":[{"@type":"WebPage","@id":"https:\/\/baggage.ee\/kontakt\/","url":"https:\/\/baggage.ee\/kontakt\/","name":"Baggage kohvrid | Suurima valikuga kohvripood Eestis | Kontakt","isPartOf":{"@id":"https:\/\/baggage.ee\/#website"},"datePublished":"2017-09-13T12:25:11+00:00","dateModified":"2024-05-16T11:10:23+00:00","description":"Baggage kohvrid on kvaliteetsed, stiilsed ja kerged. Meie valikus on reisikohvrid, \u00e4rikohvrid meestele ja naistele ning ratastel reisikotid.","breadcrumb":{"@id":"https:\/\/baggage.ee\/kontakt\/#breadcrumb"},"inLanguage":"en-GB","potentialAction":[{"@type":"ReadAction","target":["https:\/\/baggage.ee\/kontakt\/"]}]},{"@type":"BreadcrumbList","@id":"https:\/\/baggage.ee\/kontakt\/#breadcrumb","itemListElement":[{"@type":"ListItem","position":1,"name":"Home","item":"https:\/\/baggage.ee\/"},{"@type":"ListItem","position":2,"name":"Kontakt"}]},{"@type":"WebSite","@id":"https:\/\/baggage.ee\/#website","url":"https:\/\/baggage.ee\/","name":"Baggage","description":"Big Selection of Luggage and Travel Bags","publisher":{"@id":"https:\/\/baggage.ee\/#organization"},"potentialAction":[{"@type":"SearchAction","target":{"@type":"EntryPoint","urlTemplate":"https:\/\/baggage.ee\/?s={search_term_string}"},"query-input":{"@type":"PropertyValueSpecification","valueRequired":true,"valueName":"search_term_string"}}],"inLanguage":"en-GB"},{"@type":"Organization","@id":"https:\/\/baggage.ee\/#organization","name":"Baggage kauplus","url":"https:\/\/baggage.ee\/","logo":{"@type":"ImageObject","inLanguage":"en-GB","@id":"https:\/\/baggage.ee\/#\/schema\/logo\/image\/","url":"https:\/\/baggage.ee\/wp-content\/uploads\/2017\/09\/baggage.png","contentUrl":"https:\/\/baggage.ee\/wp-content\/uploads\/2017\/09\/baggage.png","width":180,"height":80,"caption":"Baggage kauplus"},"image":{"@id":"https:\/\/baggage.ee\/#\/schema\/logo\/image\/"}}]}},"_links":{"self":[{"href":"https:\/\/baggage.ee\/gb\/wp-json\/wp\/v2\/pages\/425","targetHints":{"allow":["GET"]}}],"collection":[{"href":"https:\/\/baggage.ee\/gb\/wp-json\/wp\/v2\/pages"}],"about":[{"href":"https:\/\/baggage.ee\/gb\/wp-json\/wp\/v2\/types\/page"}],"author":[{"embeddable":true,"href":"https:\/\/baggage.ee\/gb\/wp-json\/wp\/v2\/users\/1"}],"replies":[{"embeddable":true,"href":"https:\/\/baggage.ee\/gb\/wp-json\/wp\/v2\/comments?post=425"}],"version-history":[{"count":34,"href":"https:\/\/baggage.ee\/gb\/wp-json\/wp\/v2\/pages\/425\/revisions"}],"predecessor-version":[{"id":10772,"href":"https:\/\/baggage.ee\/gb\/wp-json\/wp\/v2\/pages\/425\/revisions\/10772"}],"wp:attachment":[{"href":"https:\/\/baggage.ee\/gb\/wp-json\/wp\/v2\/media?parent=425"}],"curies":[{"name":"wp","href":"https:\/\/api.w.org\/{rel}","templated":true}]}}