{"id":33,"date":"2017-09-13T12:09:57","date_gmt":"2017-09-13T09:09:57","guid":{"rendered":"http:\/\/baggage.gasell.ee\/?page_id=33"},"modified":"2022-02-24T15:32:33","modified_gmt":"2022-02-24T13:32:33","slug":"baggage","status":"publish","type":"page","link":"https:\/\/baggage.ee\/gb\/baggage\/","title":{"rendered":"Store"},"content":{"rendered":"<p><strong>IN P\u00c4RNU<\/strong><br \/>\nKAUBAMAJAKAS,\u00a0 I Floor<br \/>\nPapiniidu 8, P\u00e4rnu 80010<br \/>\nTel: +372 4455253<br \/>\n<span style=\"color: #ff0000;\">OPEN from Monday to Sunday 10-20<\/span><\/p>\n<p><iframe loading=\"lazy\" style=\"border: 0;\" src=\"https:\/\/www.google.com\/maps\/embed?pb=!1m18!1m12!1m3!1d2092.3681928262895!2d24.547530816185475!3d58.37032719458059!2m3!1f0!2f0!3f0!3m2!1i1024!2i768!4f13.1!3m3!1m2!1s0x46ecfceb3e9f16c3%3A0x9cdc25e95cb375d8!2sKaubamajakas!5e0!3m2!1sen!2see!4v1508134674377\" width=\"400\" height=\"300\" frameborder=\"0\" allowfullscreen=\"allowfullscreen\"><\/iframe><\/p>\n","protected":false},"excerpt":{"rendered":"<p>IN P\u00c4RNU KAUBAMAJAKAS,\u00a0 I Floor Papiniidu 8, P\u00e4rnu 80010 Tel: +372 4455253 OPEN from Monday to Sunday 10-20<a class=\"more-link\" href=\"https:\/\/baggage.ee\/gb\/baggage\/\">Loe edasi<\/a><\/p>\n","protected":false},"author":1,"featured_media":0,"parent":0,"menu_order":0,"comment_status":"closed","ping_status":"closed","template":"","meta":{"footnotes":""},"class_list":["entry","author-admin","post-33","page","type-page","status-publish"],"translation":{"provider":"WPGlobus","version":"3.0.2","language":"gb","enabled_languages":["ee","gb"],"languages":{"ee":{"title":true,"content":true,"excerpt":false},"gb":{"title":true,"content":true,"excerpt":false}}},"yoast_head":"<!-- This site is optimized with the Yoast SEO plugin v27.3 - https:\/\/yoast.com\/product\/yoast-seo-wordpress\/ -->\n<title>Baggage Store in P\u00e4rnu | Baggage.ee<\/title>\n<meta name=\"description\" content=\"BAGGAGE STORE IN P\u00c4RNU: KAUBAMAJAKAS, I Floor, Papiniidu 8, P\u00e4rnu 80010. OPEN from Monday to Sunday 10-20. BAGGAGE offers the ideal luggage set for travel and business.\" \/>\n<meta name=\"robots\" content=\"index, follow, max-snippet:-1, max-image-preview:large, max-video-preview:-1\" \/>\n<link rel=\"canonical\" href=\"https:\/\/baggage.ee\/baggage\/\" \/>\n<meta property=\"og:locale\" content=\"en_GB\" \/>\n<meta property=\"og:type\" content=\"article\" \/>\n<meta property=\"og:title\" content=\"Baggage Store in P\u00e4rnu | Baggage.ee\" \/>\n<meta property=\"og:description\" content=\"BAGGAGE STORE IN P\u00c4RNU: KAUBAMAJAKAS, I Floor, Papiniidu 8, P\u00e4rnu 80010. OPEN from Monday to Sunday 10-20. BAGGAGE offers the ideal luggage set for travel and business.\" \/>\n<meta property=\"og:url\" content=\"https:\/\/baggage.ee\/baggage\/\" \/>\n<meta property=\"og:site_name\" content=\"Baggage\" \/>\n<meta property=\"article:modified_time\" content=\"2022-02-24T13:32:33+00:00\" \/>\n<meta name=\"twitter:card\" content=\"summary_large_image\" \/>\n<meta name=\"twitter:label1\" content=\"Estimated reading time\" \/>\n\t<meta name=\"twitter:data1\" content=\"1 minute\" \/>\n<script type=\"application\/ld+json\" class=\"yoast-schema-graph\">{\"@context\":\"https:\\\/\\\/schema.org\",\"@graph\":[{\"@type\":\"WebPage\",\"@id\":\"https:\\\/\\\/baggage.ee\\\/baggage\\\/\",\"url\":\"https:\\\/\\\/baggage.ee\\\/baggage\\\/\",\"name\":\"Baggage esinduskauplus P\u00e4rnus | Eesti suurim valik kohvreid. Reisikohvrid. Plastikust reisikohvrid. tekstiilist reisikohvreid. Kvaliteetsed kohvrid.\",\"isPartOf\":{\"@id\":\"https:\\\/\\\/baggage.ee\\\/#website\"},\"datePublished\":\"2017-09-13T09:09:57+00:00\",\"dateModified\":\"2022-02-24T13:32:33+00:00\",\"description\":\"Baggage esinduskauplus P\u00e4rnus asub KAUBAMAJAKAS I korrusel, aadressil Papiniidu 8. Oleme avatud esmasp\u00e4evast p\u00fchap\u00e4evani kella 10\u201320.\",\"breadcrumb\":{\"@id\":\"https:\\\/\\\/baggage.ee\\\/baggage\\\/#breadcrumb\"},\"inLanguage\":\"en-GB\",\"potentialAction\":[{\"@type\":\"ReadAction\",\"target\":[\"https:\\\/\\\/baggage.ee\\\/baggage\\\/\"]}]},{\"@type\":\"BreadcrumbList\",\"@id\":\"https:\\\/\\\/baggage.ee\\\/baggage\\\/#breadcrumb\",\"itemListElement\":[{\"@type\":\"ListItem\",\"position\":1,\"name\":\"Home\",\"item\":\"https:\\\/\\\/baggage.ee\\\/\"},{\"@type\":\"ListItem\",\"position\":2,\"name\":\"KAUPLUSED &#8211; PARIM VALIK The BAG kauplustes\"}]},{\"@type\":\"WebSite\",\"@id\":\"https:\\\/\\\/baggage.ee\\\/#website\",\"url\":\"https:\\\/\\\/baggage.ee\\\/\",\"name\":\"Baggage\",\"description\":\"Big Selection of Luggage and Travel Bags\",\"publisher\":{\"@id\":\"https:\\\/\\\/baggage.ee\\\/#organization\"},\"potentialAction\":[{\"@type\":\"SearchAction\",\"target\":{\"@type\":\"EntryPoint\",\"urlTemplate\":\"https:\\\/\\\/baggage.ee\\\/?s={search_term_string}\"},\"query-input\":{\"@type\":\"PropertyValueSpecification\",\"valueRequired\":true,\"valueName\":\"search_term_string\"}}],\"inLanguage\":\"en-GB\"},{\"@type\":\"Organization\",\"@id\":\"https:\\\/\\\/baggage.ee\\\/#organization\",\"name\":\"Baggage kauplus\",\"url\":\"https:\\\/\\\/baggage.ee\\\/\",\"logo\":{\"@type\":\"ImageObject\",\"inLanguage\":\"en-GB\",\"@id\":\"https:\\\/\\\/baggage.ee\\\/#\\\/schema\\\/logo\\\/image\\\/\",\"url\":\"https:\\\/\\\/baggage.ee\\\/wp-content\\\/uploads\\\/2017\\\/09\\\/baggage.png\",\"contentUrl\":\"https:\\\/\\\/baggage.ee\\\/wp-content\\\/uploads\\\/2017\\\/09\\\/baggage.png\",\"width\":180,\"height\":80,\"caption\":\"Baggage kauplus\"},\"image\":{\"@id\":\"https:\\\/\\\/baggage.ee\\\/#\\\/schema\\\/logo\\\/image\\\/\"}}]}<\/script>\n<!-- \/ Yoast SEO plugin. -->","yoast_head_json":{"title":"Baggage Store in P\u00e4rnu | Baggage.ee","description":"BAGGAGE STORE IN P\u00c4RNU: KAUBAMAJAKAS, I Floor, Papiniidu 8, P\u00e4rnu 80010. OPEN from Monday to Sunday 10-20. BAGGAGE offers the ideal luggage set for travel and business.","robots":{"index":"index","follow":"follow","max-snippet":"max-snippet:-1","max-image-preview":"max-image-preview:large","max-video-preview":"max-video-preview:-1"},"canonical":"https:\/\/baggage.ee\/baggage\/","og_locale":"en_GB","og_type":"article","og_title":"Baggage Store in P\u00e4rnu | Baggage.ee","og_description":"BAGGAGE STORE IN P\u00c4RNU: KAUBAMAJAKAS, I Floor, Papiniidu 8, P\u00e4rnu 80010. OPEN from Monday to Sunday 10-20. BAGGAGE offers the ideal luggage set for travel and business.","og_url":"https:\/\/baggage.ee\/baggage\/","og_site_name":"Baggage","article_modified_time":"2022-02-24T13:32:33+00:00","twitter_card":"summary_large_image","twitter_misc":{"Estimated reading time":"1 minute"},"schema":{"@context":"https:\/\/schema.org","@graph":[{"@type":"WebPage","@id":"https:\/\/baggage.ee\/baggage\/","url":"https:\/\/baggage.ee\/baggage\/","name":"Baggage esinduskauplus P\u00e4rnus | Eesti suurim valik kohvreid. Reisikohvrid. Plastikust reisikohvrid. tekstiilist reisikohvreid. Kvaliteetsed kohvrid.","isPartOf":{"@id":"https:\/\/baggage.ee\/#website"},"datePublished":"2017-09-13T09:09:57+00:00","dateModified":"2022-02-24T13:32:33+00:00","description":"Baggage esinduskauplus P\u00e4rnus asub KAUBAMAJAKAS I korrusel, aadressil Papiniidu 8. Oleme avatud esmasp\u00e4evast p\u00fchap\u00e4evani kella 10\u201320.","breadcrumb":{"@id":"https:\/\/baggage.ee\/baggage\/#breadcrumb"},"inLanguage":"en-GB","potentialAction":[{"@type":"ReadAction","target":["https:\/\/baggage.ee\/baggage\/"]}]},{"@type":"BreadcrumbList","@id":"https:\/\/baggage.ee\/baggage\/#breadcrumb","itemListElement":[{"@type":"ListItem","position":1,"name":"Home","item":"https:\/\/baggage.ee\/"},{"@type":"ListItem","position":2,"name":"KAUPLUSED &#8211; PARIM VALIK The BAG kauplustes"}]},{"@type":"WebSite","@id":"https:\/\/baggage.ee\/#website","url":"https:\/\/baggage.ee\/","name":"Baggage","description":"Big Selection of Luggage and Travel Bags","publisher":{"@id":"https:\/\/baggage.ee\/#organization"},"potentialAction":[{"@type":"SearchAction","target":{"@type":"EntryPoint","urlTemplate":"https:\/\/baggage.ee\/?s={search_term_string}"},"query-input":{"@type":"PropertyValueSpecification","valueRequired":true,"valueName":"search_term_string"}}],"inLanguage":"en-GB"},{"@type":"Organization","@id":"https:\/\/baggage.ee\/#organization","name":"Baggage kauplus","url":"https:\/\/baggage.ee\/","logo":{"@type":"ImageObject","inLanguage":"en-GB","@id":"https:\/\/baggage.ee\/#\/schema\/logo\/image\/","url":"https:\/\/baggage.ee\/wp-content\/uploads\/2017\/09\/baggage.png","contentUrl":"https:\/\/baggage.ee\/wp-content\/uploads\/2017\/09\/baggage.png","width":180,"height":80,"caption":"Baggage kauplus"},"image":{"@id":"https:\/\/baggage.ee\/#\/schema\/logo\/image\/"}}]}},"_links":{"self":[{"href":"https:\/\/baggage.ee\/gb\/wp-json\/wp\/v2\/pages\/33","targetHints":{"allow":["GET"]}}],"collection":[{"href":"https:\/\/baggage.ee\/gb\/wp-json\/wp\/v2\/pages"}],"about":[{"href":"https:\/\/baggage.ee\/gb\/wp-json\/wp\/v2\/types\/page"}],"author":[{"embeddable":true,"href":"https:\/\/baggage.ee\/gb\/wp-json\/wp\/v2\/users\/1"}],"replies":[{"embeddable":true,"href":"https:\/\/baggage.ee\/gb\/wp-json\/wp\/v2\/comments?post=33"}],"version-history":[{"count":46,"href":"https:\/\/baggage.ee\/gb\/wp-json\/wp\/v2\/pages\/33\/revisions"}],"predecessor-version":[{"id":10773,"href":"https:\/\/baggage.ee\/gb\/wp-json\/wp\/v2\/pages\/33\/revisions\/10773"}],"wp:attachment":[{"href":"https:\/\/baggage.ee\/gb\/wp-json\/wp\/v2\/media?parent=33"}],"curies":[{"name":"wp","href":"https:\/\/api.w.org\/{rel}","templated":true}]}}